{"id":2797,"date":"2022-09-01T12:27:57","date_gmt":"2022-09-01T15:27:57","guid":{"rendered":"https:\/\/www.meulugarpsicologia.com.br\/index\/?page_id=2797"},"modified":"2022-09-01T17:21:10","modified_gmt":"2022-09-01T20:21:10","slug":"acompanhamento-da-gestacao","status":"publish","type":"page","link":"https:\/\/www.meulugarpsicologia.com.br\/index\/acompanhamento-da-gestacao\/","title":{"rendered":"Acompanhamento da Gesta\u00e7\u00e3o Parto e Puerp\u00e9rio"},"content":{"rendered":"\t\t<div data-elementor-type=\"wp-page\" data-elementor-id=\"2797\" class=\"elementor elementor-2797\">\n\t\t\t\t\t\t\t\t\t<section class=\"elementor-section elementor-top-section elementor-element elementor-element-0ed24af elementor-section-stretched elementor-section-content-middle elementor-section-boxed elementor-section-height-default elementor-section-height-default elementor-invisible\" data-id=\"0ed24af\" data-element_type=\"section\" data-settings=\"{&quot;stretch_section&quot;:&quot;section-stretched&quot;,&quot;background_background&quot;:&quot;classic&quot;,&quot;shape_divider_bottom&quot;:&quot;wave-brush&quot;,&quot;animation&quot;:&quot;fadeInLeft&quot;}\">\n\t\t\t\t\t<div class=\"elementor-shape elementor-shape-bottom\" data-negative=\"false\">\n\t\t\t<svg xmlns=\"http:\/\/www.w3.org\/2000\/svg\" viewBox=\"0 0 283.5 27.8\" preserveAspectRatio=\"none\">\n\t<path class=\"elementor-shape-fill\" d=\"M283.5,9.7c0,0-7.3,4.3-14,4.6c-6.8,0.3-12.6,0-20.9-1.5c-11.3-2-33.1-10.1-44.7-5.7\ts-12.1,4.6-18,7.4c-6.6,3.2-20,9.6-36.6,9.3C131.6,23.5,99.5,7.2,86.3,8c-1.4,0.1-6.6,0.8-10.5,2c-3.8,1.2-9.4,3.8-17,4.7\tc-3.2,0.4-8.3,1.1-14.2,0.9c-1.5-0.1-6.3-0.4-12-1.6c-5.7-1.2-11-3.1-15.8-3.7C6.5,9.2,0,10.8,0,10.8V0h283.5V9.7z M260.8,11.3\tc-0.7-1-2-0.4-4.3-0.4c-2.3,0-6.1-1.2-5.8-1.1c0.3,0.1,3.1,1.5,6,1.9C259.7,12.2,261.4,12.3,260.8,11.3z M242.4,8.6\tc0,0-2.4-0.2-5.6-0.9c-3.2-0.8-10.3-2.8-15.1-3.5c-8.2-1.1-15.8,0-15.1,0.1c0.8,0.1,9.6-0.6,17.6,1.1c3.3,0.7,9.3,2.2,12.4,2.7\tC239.9,8.7,242.4,8.6,242.4,8.6z M185.2,8.5c1.7-0.7-13.3,4.7-18.5,6.1c-2.1,0.6-6.2,1.6-10,2c-3.9,0.4-8.9,0.4-8.8,0.5\tc0,0.2,5.8,0.8,11.2,0c5.4-0.8,5.2-1.1,7.6-1.6C170.5,14.7,183.5,9.2,185.2,8.5z M199.1,6.9c0.2,0-0.8-0.4-4.8,1.1\tc-4,1.5-6.7,3.5-6.9,3.7c-0.2,0.1,3.5-1.8,6.6-3C197,7.5,199,6.9,199.1,6.9z M283,6c-0.1,0.1-1.9,1.1-4.8,2.5s-6.9,2.8-6.7,2.7\tc0.2,0,3.5-0.6,7.4-2.5C282.8,6.8,283.1,5.9,283,6z M31.3,11.6c0.1-0.2-1.9-0.2-4.5-1.2s-5.4-1.6-7.8-2C15,7.6,7.3,8.5,7.7,8.6\tC8,8.7,15.9,8.3,20.2,9.3c2.2,0.5,2.4,0.5,5.7,1.6S31.2,11.9,31.3,11.6z M73,9.2c0.4-0.1,3.5-1.6,8.4-2.6c4.9-1.1,8.9-0.5,8.9-0.8\tc0-0.3-1-0.9-6.2-0.3S72.6,9.3,73,9.2z M71.6,6.7C71.8,6.8,75,5.4,77.3,5c2.3-0.3,1.9-0.5,1.9-0.6c0-0.1-1.1-0.2-2.7,0.2\tC74.8,5.1,71.4,6.6,71.6,6.7z M93.6,4.4c0.1,0.2,3.5,0.8,5.6,1.8c2.1,1,1.8,0.6,1.9,0.5c0.1-0.1-0.8-0.8-2.4-1.3\tC97.1,4.8,93.5,4.2,93.6,4.4z M65.4,11.1c-0.1,0.3,0.3,0.5,1.9-0.2s2.6-1.3,2.2-1.2s-0.9,0.4-2.5,0.8C65.3,10.9,65.5,10.8,65.4,11.1\tz M34.5,12.4c-0.2,0,2.1,0.8,3.3,0.9c1.2,0.1,2,0.1,2-0.2c0-0.3-0.1-0.5-1.6-0.4C36.6,12.8,34.7,12.4,34.5,12.4z M152.2,21.1\tc-0.1,0.1-2.4-0.3-7.5-0.3c-5,0-13.6-2.4-17.2-3.5c-3.6-1.1,10,3.9,16.5,4.1C150.5,21.6,152.3,21,152.2,21.1z\"\/>\n\t<path class=\"elementor-shape-fill\" d=\"M269.6,18c-0.1-0.1-4.6,0.3-7.2,0c-7.3-0.7-17-3.2-16.6-2.9c0.4,0.3,13.7,3.1,17,3.3\tC267.7,18.8,269.7,18,269.6,18z\"\/>\n\t<path class=\"elementor-shape-fill\" d=\"M227.4,9.8c-0.2-0.1-4.5-1-9.5-1.2c-5-0.2-12.7,0.6-12.3,0.5c0.3-0.1,5.9-1.8,13.3-1.2\tS227.6,9.9,227.4,9.8z\"\/>\n\t<path class=\"elementor-shape-fill\" d=\"M204.5,13.4c-0.1-0.1,2-1,3.2-1.1c1.2-0.1,2,0,2,0.3c0,0.3-0.1,0.5-1.6,0.4\tC206.4,12.9,204.6,13.5,204.5,13.4z\"\/>\n\t<path class=\"elementor-shape-fill\" d=\"M201,10.6c0-0.1-4.4,1.2-6.3,2.2c-1.9,0.9-6.2,3.1-6.1,3.1c0.1,0.1,4.2-1.6,6.3-2.6\tS201,10.7,201,10.6z\"\/>\n\t<path class=\"elementor-shape-fill\" d=\"M154.5,26.7c-0.1-0.1-4.6,0.3-7.2,0c-7.3-0.7-17-3.2-16.6-2.9c0.4,0.3,13.7,3.1,17,3.3\tC152.6,27.5,154.6,26.8,154.5,26.7z\"\/>\n\t<path class=\"elementor-shape-fill\" d=\"M41.9,19.3c0,0,1.2-0.3,2.9-0.1c1.7,0.2,5.8,0.9,8.2,0.7c4.2-0.4,7.4-2.7,7-2.6\tc-0.4,0-4.3,2.2-8.6,1.9c-1.8-0.1-5.1-0.5-6.7-0.4S41.9,19.3,41.9,19.3z\"\/>\n\t<path class=\"elementor-shape-fill\" d=\"M75.5,12.6c0.2,0.1,2-0.8,4.3-1.1c2.3-0.2,2.1-0.3,2.1-0.5c0-0.1-1.8-0.4-3.4,0\tC76.9,11.5,75.3,12.5,75.5,12.6z\"\/>\n\t<path class=\"elementor-shape-fill\" d=\"M15.6,13.2c0-0.1,4.3,0,6.7,0.5c2.4,0.5,5,1.9,5,2c0,0.1-2.7-0.8-5.1-1.4\tC19.9,13.7,15.7,13.3,15.6,13.2z\"\/>\n<\/svg>\t\t<\/div>\n\t\t\t\t\t<div class=\"elementor-container elementor-column-gap-no\">\n\t\t\t\t\t<div class=\"elementor-column elementor-col-100 elementor-top-column elementor-element elementor-element-20a8fdf\" data-id=\"20a8fdf\" data-element_type=\"column\">\n\t\t\t<div class=\"elementor-widget-wrap elementor-element-populated\">\n\t\t\t\t\t\t\t\t<section class=\"elementor-section elementor-inner-section elementor-element elementor-element-9998f00 elementor-section-boxed elementor-section-height-default elementor-section-height-default\" data-id=\"9998f00\" data-element_type=\"section\">\n\t\t\t\t\t\t<div class=\"elementor-container elementor-column-gap-default\">\n\t\t\t\t\t<div class=\"elementor-column elementor-col-100 elementor-inner-column elementor-element elementor-element-6912827\" data-id=\"6912827\" data-element_type=\"column\">\n\t\t\t<div class=\"elementor-widget-wrap elementor-element-populated\">\n\t\t\t\t\t\t\t\t<div class=\"elementor-element elementor-element-aa53b99 elementor-widget elementor-widget-heading\" data-id=\"aa53b99\" data-element_type=\"widget\" data-widget_type=\"heading.default\">\n\t\t\t\t<div class=\"elementor-widget-container\">\n\t\t\t<style>\/*! elementor - v3.7.3 - 29-08-2022 *\/\n.elementor-heading-title{padding:0;margin:0;line-height:1}.elementor-widget-heading .elementor-heading-title[class*=elementor-size-]>a{color:inherit;font-size:inherit;line-height:inherit}.elementor-widget-heading .elementor-heading-title.elementor-size-small{font-size:15px}.elementor-widget-heading .elementor-heading-title.elementor-size-medium{font-size:19px}.elementor-widget-heading .elementor-heading-title.elementor-size-large{font-size:29px}.elementor-widget-heading .elementor-heading-title.elementor-size-xl{font-size:39px}.elementor-widget-heading .elementor-heading-title.elementor-size-xxl{font-size:59px}<\/style><h1 class=\"elementor-heading-title elementor-size-default\">\nAcompanhamento da Gesta\u00e7\u00e3o<\/h1>\t\t<\/div>\n\t\t\t\t<\/div>\n\t\t\t\t\t<\/div>\n\t\t<\/div>\n\t\t\t\t\t\t\t<\/div>\n\t\t<\/section>\n\t\t\t\t\t<\/div>\n\t\t<\/div>\n\t\t\t\t\t\t\t<\/div>\n\t\t<\/section>\n\t\t\t\t<section class=\"elementor-section elementor-top-section elementor-element elementor-element-1945a02 elementor-section-stretched elementor-section-boxed elementor-section-height-default elementor-section-height-default\" data-id=\"1945a02\" data-element_type=\"section\" data-settings=\"{&quot;stretch_section&quot;:&quot;section-stretched&quot;,&quot;background_background&quot;:&quot;classic&quot;}\">\n\t\t\t\t\t\t<div class=\"elementor-container elementor-column-gap-no\">\n\t\t\t\t\t<div class=\"elementor-column elementor-col-100 elementor-top-column elementor-element elementor-element-1cc7012\" data-id=\"1cc7012\" data-element_type=\"column\">\n\t\t\t<div class=\"elementor-widget-wrap elementor-element-populated\">\n\t\t\t\t\t\t\t\t<div class=\"elementor-element elementor-element-74b0f3f elementor-widget elementor-widget-heading\" data-id=\"74b0f3f\" data-element_type=\"widget\" data-widget_type=\"heading.default\">\n\t\t\t\t<div class=\"elementor-widget-container\">\n\t\t\t<h2 class=\"elementor-heading-title elementor-size-default\">Conhe\u00e7a um pouco sobre este servi\u00e7o!<\/h2>\t\t<\/div>\n\t\t\t\t<\/div>\n\t\t\t\t<div class=\"elementor-element elementor-element-4436d55 elementor-widget elementor-widget-heading\" data-id=\"4436d55\" data-element_type=\"widget\" data-widget_type=\"heading.default\">\n\t\t\t\t<div class=\"elementor-widget-container\">\n\t\t\t<h2 class=\"elementor-heading-title elementor-size-default\">Estamos aqui para te ajudar!<\/h2>\t\t<\/div>\n\t\t\t\t<\/div>\n\t\t\t\t<div class=\"elementor-element elementor-element-8035d9c elementor-widget elementor-widget-text-editor\" data-id=\"8035d9c\" data-element_type=\"widget\" data-widget_type=\"text-editor.default\">\n\t\t\t\t<div class=\"elementor-widget-container\">\n\t\t\t<style>\/*! elementor - v3.7.3 - 29-08-2022 *\/\n.elementor-widget-text-editor.elementor-drop-cap-view-stacked .elementor-drop-cap{background-color:#818a91;color:#fff}.elementor-widget-text-editor.elementor-drop-cap-view-framed .elementor-drop-cap{color:#818a91;border:3px solid;background-color:transparent}.elementor-widget-text-editor:not(.elementor-drop-cap-view-default) .elementor-drop-cap{margin-top:8px}.elementor-widget-text-editor:not(.elementor-drop-cap-view-default) .elementor-drop-cap-letter{width:1em;height:1em}.elementor-widget-text-editor .elementor-drop-cap{float:left;text-align:center;line-height:1;font-size:50px}.elementor-widget-text-editor .elementor-drop-cap-letter{display:inline-block}<\/style>\t\t\t\t<article class=\"icon-box7\"><div class=\"wpb_text_column wpb_content_element \"><div class=\"wpb_wrapper\"><h5><span style=\"color: #333333;\">Este acompanhamento tem \u00eanfase psicoter\u00e1pica na prepara\u00e7\u00e3o psicol\u00f3gica para a maternidade e paternidade e preven\u00e7\u00e3o da depress\u00e3o p\u00f3s-parto (DPP) bem como a prepara\u00e7\u00e3o psicol\u00f3gica para o momento de mudan\u00e7a que a gestante est\u00e1 por enfrentar tanto pessoalmente quanto os efeitos das mudan\u00e7as para o casal e para a fam\u00edlia. Consiste no acompanhamento da gestante com extens\u00e3o ao casal que esteja em fase gestacional para o acompanhamento desta fase e constru\u00e7\u00f5es necess\u00e1rias para a vivencia do puerp\u00e9rio e parentalidade.<\/span><\/h5><ul><li><h5><span style=\"color: #333333;\">Pr\u00e9-natal psicol\u00f3gico<\/span><\/h5><\/li><\/ul><h5><span style=\"color: #333333;\">Pr\u00e9-Natal psicol\u00f3gico\u00a0(PNP) \u00e9 um novo conceito em atendimento perinatal voltado para maior humaniza\u00e7\u00e3o do processo gestacional e do parto e da parentalidade. \u00c9 um acompanhamento complementar ao\u00a0pr\u00e9-natal\u00a0ginecol\u00f3gico, onde utiliza-se de interven\u00e7\u00f5es grupais e\/ou individuais para avalia\u00e7\u00e3o da sa\u00fade emocional das gestantes oportunizando no caso de grupos espa\u00e7os de trocas de suas experi\u00eancias, viv\u00eancias, alegrias, tristezas, fantasias, medos e ang\u00fastias advindas desse processo.<\/span><\/h5><ul><li><h5><span style=\"color: #333333;\">Prepara\u00e7\u00e3o para amamenta\u00e7\u00e3o<\/span><\/h5><\/li><\/ul><h5><span style=\"color: #333333;\">O ato de amamentar apesar de ser repert\u00f3rio comportamental da esp\u00e9cie humana enquanto mam\u00edferos, passa por interfer\u00eancias do estilo de vida,\u00a0 influencias culturais e familiares muito fortes tornando necess\u00e1ria a aprendizagem sobre o ato a partir de uma maior informa\u00e7\u00e3o acerca do ato de amamentar para que este possa ser preservado e realizado dentro da consci\u00eancia de sua necessidade para m\u00e3e e para o beb\u00ea, tanto do ponto de vista nutricional como emocional na constru\u00e7\u00e3o da sua afetividade e desenvolvimento ps\u00edquico.<\/span><\/h5><ul><li><h5><span style=\"color: #333333;\">Consultoria de amamenta\u00e7\u00e3o<\/span><\/h5><\/li><\/ul><h5><span style=\"color: #333333;\">A\u00a0consultoria\u00a0em\u00a0amamenta\u00e7\u00e3o\u00a0\u00e9 um atendimento oferecido por profissionais qualificados para auxiliar m\u00e3e e beb\u00ea no Aleitamento Materno. Envolve orienta\u00e7\u00f5es e condutas relacionadas \u00e0 postura da m\u00e3e, posicionamento, pega e suc\u00e7\u00e3o do beb\u00ea, ordenha e cuidados com a mama muito necess\u00e1rios para o sucesso da amamenta\u00e7\u00e3o.<\/span><\/h5><ul><li><h5><span style=\"color: #333333;\">Acompanhamento psicol\u00f3gico do p\u00f3s-parto e puerp\u00e9rio<\/span><\/h5><\/li><\/ul><h5><span style=\"color: #333333;\">\u00c9 um acompanhamento preventivo e necess\u00e1rio para a mulher que acaba de tornar-se m\u00e3e com vista a oferecer o apoio psicol\u00f3gico necess\u00e1rio para a mulher e o casal nesse momento de mudan\u00e7as e adapta\u00e7\u00e3o na vida de uma fam\u00edlia. \u00c9 de alta incid\u00eancia a necessidade de acompanhamento psicol\u00f3gico no p\u00f3s parto por ser uma experi\u00eancia de extrema mudan\u00e7a e necessidade de adapta\u00e7\u00e3o, tanto na vida da pu\u00e9rpera, que acaba de nascer m\u00e3e, quanto para o pai que ganha novas responsabilidades e nem sempre conseguem administrar bem.<\/span><\/h5><h5><span style=\"color: #333333;\">Nesse sentido tamb\u00e9m o casal sofre o impacto das mudan\u00e7as da rotina na rela\u00e7\u00e3o conjugal com novas necessidades, e a fam\u00edlia que v\u00ea se estabelecer com mais necessidades um novo n\u00facleo familiar, tudo isso a partir do nascimento de um beb\u00ea.<\/span><\/h5><h5><span style=\"color: #333333;\">O \u00edndice de adoecimento ps\u00edquico, impactos na sa\u00fade emocional da fam\u00edlia s\u00e3o abrangentes e constantes e podem levar a uma baixa da qualidade relacional, viv\u00eancia de crises e at\u00e9 separa\u00e7\u00f5es conjugais ou conflitos familiares severos ap\u00f3s o nascimento de um filho, que leva ao casal e sobretudo ainda \u00e0 mulher um n\u00edvel de sobrecarga e baixa sa\u00fade emocional manifestados em \u00edndices altos de depress\u00e3o p\u00f3s parto, epis\u00f3dios depressivos e transtornos de ansiedade em pu\u00e9rperas.<\/span><\/h5><h5><span style=\"color: #333333;\">Alguns exemplos indica\u00e7\u00f5es para o acompanhamento psicol\u00f3gico durante a gravidez, parto e p\u00f3s-parto com:<\/span><\/h5><ul><li><h5><span style=\"color: #333333;\">Mulheres com hist\u00f3rico de depress\u00e3o,<\/span><\/h5><\/li><li><h5><span style=\"color: #333333;\">Mulheres com hist\u00f3rico de Ansiedade.<\/span><\/h5><\/li><li><h5><span style=\"color: #333333;\">Traumas que estejam interferindo na nova fase de vida da pu\u00e9rpera que estejam vinculados ou n\u00e3o \u00e0s quest\u00f5es da maternidade.<\/span><\/h5><\/li><li><h5><span style=\"color: #333333;\">Dist\u00farbios de Stress e Ansiedade manifestados no p\u00f3s-parto.<\/span><\/h5><\/li><li><h5><span style=\"color: #333333;\">Tristeza intensa ou Depress\u00e3o P\u00f3s-Parto.<\/span><\/h5><\/li><li><h5><span style=\"color: #333333;\">Mulheres com dificuldades em gerir as emo\u00e7\u00f5es no p\u00f3s-parto<\/span><\/h5><\/li><li><h5><span style=\"color: #333333;\">Mulheres com dificuldades no aleitamento materno<\/span><\/h5><\/li><li><h5><span style=\"color: #333333;\">Mulheres que tiveram dificuldades de engravidar ou abortos recorrentes<\/span><\/h5><\/li><li><h5><span style=\"color: #333333;\">Stress P\u00f3s-Traum\u00e1tico ocasionado por parto traum\u00e1tico, viol\u00eancia obst\u00e9trica ou hospitaliza\u00e7\u00e3o do rec\u00e9m-nascido.<\/span><\/h5><\/li><li><h5><span style=\"color: #333333;\">Luto na gesta\u00e7\u00e3o, parto ou puerp\u00e9rio<\/span><\/h5><\/li><li><h5><span style=\"color: #333333;\">Gravidez n\u00e3o-desejada ou n\u00e3o planejada<\/span><\/h5><\/li><li><h5><span style=\"color: #333333;\">Gesta\u00e7\u00e3o em v\u00edtimas de abuso e estupro.<\/span><\/h5><\/li><li><h5><span style=\"color: #333333;\">Gestantes Adolescentes<\/span><\/h5><\/li><li><h5><span style=\"color: #333333;\">Gravidez de Risco<\/span><\/h5><\/li><li><h5><span style=\"color: #333333;\">Gestantes e m\u00e3es que estejam sozinhas ou em situa\u00e7\u00e3o de abandono do pai da crian\u00e7a.<\/span><\/h5><\/li><li><h5><span style=\"color: #333333;\">Priva\u00e7\u00e3o de sono cr\u00f4nica<\/span><\/h5><\/li><li><h5><span style=\"color: #333333;\">Dificuldades de relacionamento e comunica\u00e7\u00e3o com parceiro(a) ou com familiares<\/span><\/h5><\/li><\/ul><h5><span style=\"color: #333333;\">Os atendimentos s\u00e3o individuais na modalidade on-line preferencialmente, por meio de v\u00eddeo chamada, para pessoas em qualquer localidade com acesso a internet.<\/span><\/h5><\/div><\/div><\/article>\t\t\t\t\t\t<\/div>\n\t\t\t\t<\/div>\n\t\t\t\t<div class=\"elementor-element elementor-element-fb71aaa elementor-widget elementor-widget-button\" data-id=\"fb71aaa\" data-element_type=\"widget\" data-widget_type=\"button.default\">\n\t\t\t\t<div class=\"elementor-widget-container\">\n\t\t\t\t\t<div class=\"elementor-button-wrapper\">\n\t\t\t<a href=\"https:\/\/www.meulugarpsicologia.com.br\/index\/contato\/\" class=\"elementor-button-link elementor-button elementor-size-md\" role=\"button\">\n\t\t\t\t\t\t<span class=\"elementor-button-content-wrapper\">\n\t\t\t\t\t\t\t<span class=\"elementor-button-icon elementor-align-icon-left\">\n\t\t\t\t<i aria-hidden=\"true\" class=\"far fa-heart\"><\/i>\t\t\t<\/span>\n\t\t\t\t\t\t<span class=\"elementor-button-text\">Fale Conosco<\/span>\n\t\t<\/span>\n\t\t\t\t\t<\/a>\n\t\t<\/div>\n\t\t\t\t<\/div>\n\t\t\t\t<\/div>\n\t\t\t\t\t<\/div>\n\t\t<\/div>\n\t\t\t\t\t\t\t<\/div>\n\t\t<\/section>\n\t\t\t\t\t\t\t<\/div>\n\t\t","protected":false},"excerpt":{"rendered":"<p>Acompanhamento da Gesta\u00e7\u00e3o Conhe\u00e7a um pouco sobre este servi\u00e7o! Estamos aqui para te ajudar! Este acompanhamento tem \u00eanfase psicoter\u00e1pica na prepara\u00e7\u00e3o psicol\u00f3gica para a maternidade e paternidade e preven\u00e7\u00e3o da depress\u00e3o p\u00f3s-parto (DPP) bem como a prepara\u00e7\u00e3o psicol\u00f3gica para o momento de mudan\u00e7a que a gestante est\u00e1 por enfrentar tanto pessoalmente quanto os efeitos das [&hellip;]<\/p>\n","protected":false},"author":1,"featured_media":0,"parent":0,"menu_order":0,"comment_status":"closed","ping_status":"closed","template":"elementor_header_footer","meta":{"footnotes":""},"class_list":["post-2797","page","type-page","status-publish","hentry"],"_links":{"self":[{"href":"https:\/\/www.meulugarpsicologia.com.br\/index\/wp-json\/wp\/v2\/pages\/2797","targetHints":{"allow":["GET"]}}],"collection":[{"href":"https:\/\/www.meulugarpsicologia.com.br\/index\/wp-json\/wp\/v2\/pages"}],"about":[{"href":"https:\/\/www.meulugarpsicologia.com.br\/index\/wp-json\/wp\/v2\/types\/page"}],"author":[{"embeddable":true,"href":"https:\/\/www.meulugarpsicologia.com.br\/index\/wp-json\/wp\/v2\/users\/1"}],"replies":[{"embeddable":true,"href":"https:\/\/www.meulugarpsicologia.com.br\/index\/wp-json\/wp\/v2\/comments?post=2797"}],"version-history":[{"count":8,"href":"https:\/\/www.meulugarpsicologia.com.br\/index\/wp-json\/wp\/v2\/pages\/2797\/revisions"}],"predecessor-version":[{"id":2873,"href":"https:\/\/www.meulugarpsicologia.com.br\/index\/wp-json\/wp\/v2\/pages\/2797\/revisions\/2873"}],"wp:attachment":[{"href":"https:\/\/www.meulugarpsicologia.com.br\/index\/wp-json\/wp\/v2\/media?parent=2797"}],"curies":[{"name":"wp","href":"https:\/\/api.w.org\/{rel}","templated":true}]}}